{"id":8,"date":"2018-07-20T13:04:49","date_gmt":"2018-07-20T16:04:49","guid":{"rendered":"http:\/\/seguranca.sorocaba.sp.gov.br\/gcm\/?page_id=8"},"modified":"2024-04-04T15:27:06","modified_gmt":"2024-04-04T18:27:06","slug":"institucional","status":"publish","type":"page","link":"https:\/\/seguranca.sorocaba.sp.gov.br\/gcm\/institucional\/","title":{"rendered":"Institucional"},"content":{"rendered":"<header><\/header>\n<header><img loading=\"lazy\" decoding=\"async\" class=\"alignleft wp-image-15 size-thumbnail\" src=\"http:\/\/seguranca.sorocaba.sp.gov.br\/gcm\/wp-content\/uploads\/sites\/2\/2018\/07\/gcm-1-170x150.jpg\" width=\"170\" height=\"150\" \/><\/header>\n<header>A Guarda Civil Municipal de Sorocaba foi criada no dia 4 de dezembro de 1987, pela Lei Municipal n\u00ba 2.626 e iniciou suas atividades no dia 31 de mar\u00e7o de 1988, com um efetivo de 56 integrantes. Sua finalidade \u00e9 colaborar com as pol\u00edcias Civil e Militar, protegendo os sorocabanos, os pr\u00f3prios municipais e apoiando os servi\u00e7os da Prefeitura.<\/header>\n<p style=\"text-align: left;\">A GCM atua de forma preventiva e comunit\u00e1ria, e tornou-se uma institui\u00e7\u00e3o de apoio \u00e0 popula\u00e7\u00e3o. Ela realiza o patrulhamento em centenas de equipamentos p\u00fablicos (escolas p\u00fablicas, unidades de sa\u00fade, parques, \u00e1reas de lazer e demais edifica\u00e7\u00f5es p\u00fablicas), inibindo invas\u00f5es, furtos, danos e depreda\u00e7\u00f5es.<\/p>\n<p style=\"text-align: left;\">Atua ainda no apoio \u00e0 Vigil\u00e2ncia Sanit\u00e1ria e \u00e0 Fiscaliza\u00e7\u00e3o de Transporte Clandestino e de Ambulantes; al\u00e9m de realizar a seguran\u00e7a de todos os eventos p\u00fablicos municipais. Possui tamb\u00e9m uma equipe de Agentes de Tr\u00e2nsito para fiscalizar e monitorar a fluidez do tr\u00e2nsito.<\/p>\n<p style=\"font-weight: 400; text-align: left;\">A Guarda Civil Municipal desenvolve suas atividades em dois campos, o administrativo e operacional. Defende no amparo constitucional a fun\u00e7\u00e3o de pol\u00edcia comunit\u00e1ria, de proximidade e mediadora de conflitos, tem acima de tudo o lema &#8220;Proteger e Servir&#8221;<\/p>\n<p style=\"text-align: left;\"><strong>Sede:<\/strong><\/p>\n<p style=\"text-align: left;\">Rua Castanho Taques n.\u00ba 100 \u2013 Jardim Ana Maria<\/p>\n<p style=\"text-align: left;\">Telefone: 32129400 &#8211; Administrativo<\/p>\n<p style=\"text-align: left;\">Telefone: 153 &#8211; 24h por dia.<\/p>\n","protected":false},"excerpt":{"rendered":"<p>A Guarda Civil Municipal de Sorocaba foi criada no dia 4 de dezembro de 1987, pela Lei Municipal n\u00ba 2.626 e iniciou suas atividades no dia 31 de mar\u00e7o de 1988, com um efetivo de 56 integrantes. Sua finalidade \u00e9 colaborar com as pol\u00edcias Civil e Militar, protegendo os sorocabanos, os pr\u00f3prios municipais e apoiando&nbsp; <a href=\"https:\/\/seguranca.sorocaba.sp.gov.br\/gcm\/institucional\/\">&hellip; Leia mais<\/a><\/p>\n","protected":false},"author":16,"featured_media":0,"parent":0,"menu_order":0,"comment_status":"closed","ping_status":"closed","template":"page-subsite-menu.php","meta":{"footnotes":""},"class_list":["post-8","page","type-page","status-publish","hentry"],"_links":{"self":[{"href":"https:\/\/seguranca.sorocaba.sp.gov.br\/gcm\/wp-json\/wp\/v2\/pages\/8","targetHints":{"allow":["GET"]}}],"collection":[{"href":"https:\/\/seguranca.sorocaba.sp.gov.br\/gcm\/wp-json\/wp\/v2\/pages"}],"about":[{"href":"https:\/\/seguranca.sorocaba.sp.gov.br\/gcm\/wp-json\/wp\/v2\/types\/page"}],"author":[{"embeddable":true,"href":"https:\/\/seguranca.sorocaba.sp.gov.br\/gcm\/wp-json\/wp\/v2\/users\/16"}],"replies":[{"embeddable":true,"href":"https:\/\/seguranca.sorocaba.sp.gov.br\/gcm\/wp-json\/wp\/v2\/comments?post=8"}],"version-history":[{"count":15,"href":"https:\/\/seguranca.sorocaba.sp.gov.br\/gcm\/wp-json\/wp\/v2\/pages\/8\/revisions"}],"predecessor-version":[{"id":84,"href":"https:\/\/seguranca.sorocaba.sp.gov.br\/gcm\/wp-json\/wp\/v2\/pages\/8\/revisions\/84"}],"wp:attachment":[{"href":"https:\/\/seguranca.sorocaba.sp.gov.br\/gcm\/wp-json\/wp\/v2\/media?parent=8"}],"curies":[{"name":"wp","href":"https:\/\/api.w.org\/{rel}","templated":true}]}}