{"id":50,"date":"2018-07-20T13:39:15","date_gmt":"2018-07-20T16:39:15","guid":{"rendered":"http:\/\/seguranca.sorocaba.sp.gov.br\/gcm\/?page_id=50"},"modified":"2024-04-04T15:27:06","modified_gmt":"2024-04-04T18:27:06","slug":"escolar","status":"publish","type":"page","link":"https:\/\/seguranca.sorocaba.sp.gov.br\/gcm\/escolar\/","title":{"rendered":"Patrulha Escolar"},"content":{"rendered":"<p class=\"western\"><span style=\"font-family: 'Linux Libertine G';\">A Patrulha Escolar \u00e9 a uni\u00e3o da comunidade escolar com a Guarda Civil Municipal para reduzir a viol\u00eancia e a criminalidade nas escolas e nas suas proximidades. Desenvolvem atividades com a comunidade escolar ministrando palestras e organiza\u00e7\u00e3o de eventos afins.<\/span><\/p>\n<p class=\"western\"><img loading=\"lazy\" decoding=\"async\" class=\"alignnone size-medium wp-image-98\" src=\"http:\/\/seguranca.sorocaba.sp.gov.br\/gcm\/wp-content\/uploads\/sites\/2\/2018\/07\/escolar-400x300.jpg\" alt=\"escolar\" width=\"400\" height=\"300\" srcset=\"https:\/\/seguranca.sorocaba.sp.gov.br\/gcm\/wp-content\/uploads\/sites\/2\/2018\/07\/escolar-400x300.jpg 400w, https:\/\/seguranca.sorocaba.sp.gov.br\/gcm\/wp-content\/uploads\/sites\/2\/2018\/07\/escolar.jpg 698w\" sizes=\"auto, (max-width: 400px) 100vw, 400px\" \/><\/p>\n","protected":false},"excerpt":{"rendered":"<p>A Patrulha Escolar \u00e9 a uni\u00e3o da comunidade escolar com a Guarda Civil Municipal para reduzir a viol\u00eancia e a criminalidade nas escolas e nas suas proximidades. Desenvolvem atividades com a comunidade escolar ministrando palestras e organiza\u00e7\u00e3o de eventos afins.<\/p>\n","protected":false},"author":16,"featured_media":0,"parent":0,"menu_order":0,"comment_status":"closed","ping_status":"closed","template":"page-subsite-menu.php","meta":{"footnotes":""},"class_list":["post-50","page","type-page","status-publish","hentry"],"_links":{"self":[{"href":"https:\/\/seguranca.sorocaba.sp.gov.br\/gcm\/wp-json\/wp\/v2\/pages\/50","targetHints":{"allow":["GET"]}}],"collection":[{"href":"https:\/\/seguranca.sorocaba.sp.gov.br\/gcm\/wp-json\/wp\/v2\/pages"}],"about":[{"href":"https:\/\/seguranca.sorocaba.sp.gov.br\/gcm\/wp-json\/wp\/v2\/types\/page"}],"author":[{"embeddable":true,"href":"https:\/\/seguranca.sorocaba.sp.gov.br\/gcm\/wp-json\/wp\/v2\/users\/16"}],"replies":[{"embeddable":true,"href":"https:\/\/seguranca.sorocaba.sp.gov.br\/gcm\/wp-json\/wp\/v2\/comments?post=50"}],"version-history":[{"count":2,"href":"https:\/\/seguranca.sorocaba.sp.gov.br\/gcm\/wp-json\/wp\/v2\/pages\/50\/revisions"}],"predecessor-version":[{"id":99,"href":"https:\/\/seguranca.sorocaba.sp.gov.br\/gcm\/wp-json\/wp\/v2\/pages\/50\/revisions\/99"}],"wp:attachment":[{"href":"https:\/\/seguranca.sorocaba.sp.gov.br\/gcm\/wp-json\/wp\/v2\/media?parent=50"}],"curies":[{"name":"wp","href":"https:\/\/api.w.org\/{rel}","templated":true}]}}