{"id":46,"date":"2018-07-20T13:38:53","date_gmt":"2018-07-20T16:38:53","guid":{"rendered":"http:\/\/seguranca.sorocaba.sp.gov.br\/gcm\/?page_id=46"},"modified":"2024-04-04T15:27:06","modified_gmt":"2024-04-04T18:27:06","slug":"ambiental","status":"publish","type":"page","link":"https:\/\/seguranca.sorocaba.sp.gov.br\/gcm\/ambiental\/","title":{"rendered":"Patrulha Ambiental"},"content":{"rendered":"<p class=\"western\"><span style=\"font-family: 'Linux Libertine G';\">O maior objetivo do Patrulhamento Ambiental \u00e9 de preservar o meio ambiente. Efetuando o patrulhamento preventivo em \u00e1reas de prote\u00e7\u00e3o permanente, orientando em situa\u00e7\u00f5es e de poss\u00edveis fatos que venham causar danos na natureza e autuando quando necess\u00e1rio.<\/span><\/p>\n<p class=\"western\"><img loading=\"lazy\" decoding=\"async\" class=\"alignnone size-medium wp-image-91\" src=\"http:\/\/seguranca.sorocaba.sp.gov.br\/gcm\/wp-content\/uploads\/sites\/2\/2018\/07\/ambiental-399x300.jpg\" alt=\"ambiental\" width=\"399\" height=\"300\" srcset=\"https:\/\/seguranca.sorocaba.sp.gov.br\/gcm\/wp-content\/uploads\/sites\/2\/2018\/07\/ambiental-399x300.jpg 399w, https:\/\/seguranca.sorocaba.sp.gov.br\/gcm\/wp-content\/uploads\/sites\/2\/2018\/07\/ambiental.jpg 763w\" sizes=\"auto, (max-width: 399px) 100vw, 399px\" \/><\/p>\n","protected":false},"excerpt":{"rendered":"<p>O maior objetivo do Patrulhamento Ambiental \u00e9 de preservar o meio ambiente. Efetuando o patrulhamento preventivo em \u00e1reas de prote\u00e7\u00e3o permanente, orientando em situa\u00e7\u00f5es e de poss\u00edveis fatos que venham causar danos na natureza e autuando quando necess\u00e1rio.<\/p>\n","protected":false},"author":16,"featured_media":0,"parent":0,"menu_order":0,"comment_status":"closed","ping_status":"closed","template":"page-subsite-menu.php","meta":{"footnotes":""},"class_list":["post-46","page","type-page","status-publish","hentry"],"_links":{"self":[{"href":"https:\/\/seguranca.sorocaba.sp.gov.br\/gcm\/wp-json\/wp\/v2\/pages\/46","targetHints":{"allow":["GET"]}}],"collection":[{"href":"https:\/\/seguranca.sorocaba.sp.gov.br\/gcm\/wp-json\/wp\/v2\/pages"}],"about":[{"href":"https:\/\/seguranca.sorocaba.sp.gov.br\/gcm\/wp-json\/wp\/v2\/types\/page"}],"author":[{"embeddable":true,"href":"https:\/\/seguranca.sorocaba.sp.gov.br\/gcm\/wp-json\/wp\/v2\/users\/16"}],"replies":[{"embeddable":true,"href":"https:\/\/seguranca.sorocaba.sp.gov.br\/gcm\/wp-json\/wp\/v2\/comments?post=46"}],"version-history":[{"count":3,"href":"https:\/\/seguranca.sorocaba.sp.gov.br\/gcm\/wp-json\/wp\/v2\/pages\/46\/revisions"}],"predecessor-version":[{"id":93,"href":"https:\/\/seguranca.sorocaba.sp.gov.br\/gcm\/wp-json\/wp\/v2\/pages\/46\/revisions\/93"}],"wp:attachment":[{"href":"https:\/\/seguranca.sorocaba.sp.gov.br\/gcm\/wp-json\/wp\/v2\/media?parent=46"}],"curies":[{"name":"wp","href":"https:\/\/api.w.org\/{rel}","templated":true}]}}