{"id":42,"date":"2018-07-20T13:38:37","date_gmt":"2018-07-20T16:38:37","guid":{"rendered":"http:\/\/seguranca.sorocaba.sp.gov.br\/gcm\/?page_id=42"},"modified":"2024-04-04T15:27:06","modified_gmt":"2024-04-04T18:27:06","slug":"transito","status":"publish","type":"page","link":"https:\/\/seguranca.sorocaba.sp.gov.br\/gcm\/transito\/","title":{"rendered":"Patrulha de Tr\u00e2nsito"},"content":{"rendered":"<p><span style=\"font-family: 'Linux Libertine G';\">O Patrulhamento de Tr\u00e2nsito tem a compet\u00eancia de orientar e fiscalizar, sempre zelando pela seguran\u00e7a dos pedestres e condutores de ve\u00edculos<\/span><\/p>\n<p><img loading=\"lazy\" decoding=\"async\" class=\"alignnone size-full wp-image-94\" src=\"http:\/\/seguranca.sorocaba.sp.gov.br\/gcm\/wp-content\/uploads\/sites\/2\/2018\/07\/transito.jpg\" alt=\"transito\" width=\"301\" height=\"167\" \/><\/p>\n","protected":false},"excerpt":{"rendered":"<p>O Patrulhamento de Tr\u00e2nsito tem a compet\u00eancia de orientar e fiscalizar, sempre zelando pela seguran\u00e7a dos pedestres e condutores de ve\u00edculos<\/p>\n","protected":false},"author":16,"featured_media":0,"parent":0,"menu_order":0,"comment_status":"closed","ping_status":"closed","template":"page-subsite-menu.php","meta":{"footnotes":""},"class_list":["post-42","page","type-page","status-publish","hentry"],"_links":{"self":[{"href":"https:\/\/seguranca.sorocaba.sp.gov.br\/gcm\/wp-json\/wp\/v2\/pages\/42","targetHints":{"allow":["GET"]}}],"collection":[{"href":"https:\/\/seguranca.sorocaba.sp.gov.br\/gcm\/wp-json\/wp\/v2\/pages"}],"about":[{"href":"https:\/\/seguranca.sorocaba.sp.gov.br\/gcm\/wp-json\/wp\/v2\/types\/page"}],"author":[{"embeddable":true,"href":"https:\/\/seguranca.sorocaba.sp.gov.br\/gcm\/wp-json\/wp\/v2\/users\/16"}],"replies":[{"embeddable":true,"href":"https:\/\/seguranca.sorocaba.sp.gov.br\/gcm\/wp-json\/wp\/v2\/comments?post=42"}],"version-history":[{"count":2,"href":"https:\/\/seguranca.sorocaba.sp.gov.br\/gcm\/wp-json\/wp\/v2\/pages\/42\/revisions"}],"predecessor-version":[{"id":95,"href":"https:\/\/seguranca.sorocaba.sp.gov.br\/gcm\/wp-json\/wp\/v2\/pages\/42\/revisions\/95"}],"wp:attachment":[{"href":"https:\/\/seguranca.sorocaba.sp.gov.br\/gcm\/wp-json\/wp\/v2\/media?parent=42"}],"curies":[{"name":"wp","href":"https:\/\/api.w.org\/{rel}","templated":true}]}}