{"id":40,"date":"2018-07-20T13:38:20","date_gmt":"2018-07-20T16:38:20","guid":{"rendered":"http:\/\/seguranca.sorocaba.sp.gov.br\/gcm\/?page_id=40"},"modified":"2024-04-04T15:27:06","modified_gmt":"2024-04-04T18:27:06","slug":"romu","status":"publish","type":"page","link":"https:\/\/seguranca.sorocaba.sp.gov.br\/gcm\/romu\/","title":{"rendered":"ROMU &#8211; Patrulha T\u00e1tica"},"content":{"rendered":"<p class=\"western\"><span style=\"font-family: 'Linux Libertine G';\">A Patrulha T\u00e1tica ROMU (Ronda Ostensiva Municipal), exerce suas atividades direcionadas no apoio direto aos demais tipos de patrulhamentos, no acompanhamento em locais de maior \u00edndice de criminalidade e a\u00e7\u00f5es conjuntas com outros \u00f3rg\u00e3os.<\/span><\/p>\n<p class=\"western\"><img loading=\"lazy\" decoding=\"async\" class=\"alignnone size-medium wp-image-100\" src=\"http:\/\/seguranca.sorocaba.sp.gov.br\/gcm\/wp-content\/uploads\/sites\/2\/2018\/07\/romu-470x265.jpg\" alt=\"romu\" width=\"470\" height=\"265\" srcset=\"https:\/\/seguranca.sorocaba.sp.gov.br\/gcm\/wp-content\/uploads\/sites\/2\/2018\/07\/romu-470x265.jpg 470w, https:\/\/seguranca.sorocaba.sp.gov.br\/gcm\/wp-content\/uploads\/sites\/2\/2018\/07\/romu-768x432.jpg 768w, https:\/\/seguranca.sorocaba.sp.gov.br\/gcm\/wp-content\/uploads\/sites\/2\/2018\/07\/romu.jpg 780w\" sizes=\"auto, (max-width: 470px) 100vw, 470px\" \/><\/p>\n","protected":false},"excerpt":{"rendered":"<p>A Patrulha T\u00e1tica ROMU (Ronda Ostensiva Municipal), exerce suas atividades direcionadas no apoio direto aos demais tipos de patrulhamentos, no acompanhamento em locais de maior \u00edndice de criminalidade e a\u00e7\u00f5es conjuntas com outros \u00f3rg\u00e3os.<\/p>\n","protected":false},"author":16,"featured_media":0,"parent":0,"menu_order":0,"comment_status":"closed","ping_status":"closed","template":"page-subsite-menu.php","meta":{"footnotes":""},"class_list":["post-40","page","type-page","status-publish","hentry"],"_links":{"self":[{"href":"https:\/\/seguranca.sorocaba.sp.gov.br\/gcm\/wp-json\/wp\/v2\/pages\/40","targetHints":{"allow":["GET"]}}],"collection":[{"href":"https:\/\/seguranca.sorocaba.sp.gov.br\/gcm\/wp-json\/wp\/v2\/pages"}],"about":[{"href":"https:\/\/seguranca.sorocaba.sp.gov.br\/gcm\/wp-json\/wp\/v2\/types\/page"}],"author":[{"embeddable":true,"href":"https:\/\/seguranca.sorocaba.sp.gov.br\/gcm\/wp-json\/wp\/v2\/users\/16"}],"replies":[{"embeddable":true,"href":"https:\/\/seguranca.sorocaba.sp.gov.br\/gcm\/wp-json\/wp\/v2\/comments?post=40"}],"version-history":[{"count":2,"href":"https:\/\/seguranca.sorocaba.sp.gov.br\/gcm\/wp-json\/wp\/v2\/pages\/40\/revisions"}],"predecessor-version":[{"id":101,"href":"https:\/\/seguranca.sorocaba.sp.gov.br\/gcm\/wp-json\/wp\/v2\/pages\/40\/revisions\/101"}],"wp:attachment":[{"href":"https:\/\/seguranca.sorocaba.sp.gov.br\/gcm\/wp-json\/wp\/v2\/media?parent=40"}],"curies":[{"name":"wp","href":"https:\/\/api.w.org\/{rel}","templated":true}]}}