{"id":30,"date":"2018-07-20T13:36:50","date_gmt":"2018-07-20T16:36:50","guid":{"rendered":"http:\/\/seguranca.sorocaba.sp.gov.br\/gcm\/?page_id=30"},"modified":"2024-04-04T15:27:06","modified_gmt":"2024-04-04T18:27:06","slug":"identidade","status":"publish","type":"page","link":"https:\/\/seguranca.sorocaba.sp.gov.br\/gcm\/identidade\/","title":{"rendered":"Identidade Organizacional"},"content":{"rendered":"<div style=\"text-align: center;\"><strong>IDENTIDADE ORGANIZACIONAL<\/strong><\/div>\n<p><div><\/div>\n<div style=\"text-align: center;\"><strong>Miss\u00e3o:<\/strong> Ser uma institui\u00e7\u00e3o de Seguran\u00e7a P\u00fablica, profissional, s\u00e9ria e respeitada, com atribui\u00e7\u00f5es gerais e espec\u00edficas, cujas a\u00e7\u00f5es, pautadas pela fiel observ\u00e2ncia aos direitos e garantias fundamentais, com prec\u00edpuo respeito \u00e0 dignidade da pessoa humana, se traduzem em presta\u00e7\u00e3o de servi\u00e7o p\u00fablico de alta qualidade, visando \u00e0 consecu\u00e7\u00e3o do interesse p\u00fablico, a paz e o bem-estar social.<\/div>\n<p><div style=\"text-align: center;\"><\/div>\n<div style=\"text-align: center;\"><strong>Vis\u00e3o:<\/strong> Tornar-se refer\u00eancia nacional no policiamento de proximidade com a popula\u00e7\u00e3o, tornando-se uma institui\u00e7\u00e3o p\u00fablica altamente capacitada para o atendimento das demandas sociais no exerc\u00edcio de suas atividades, destacando-se por suas pol\u00edticas de preven\u00e7\u00e3o prim\u00e1ria das desordens sociais, comunit\u00e1rias e interpessoais.<\/div>\n<p><div style=\"text-align: center;\"><\/div>\n<div style=\"text-align: center;\"><\/div>\n<div style=\"text-align: center;\"><strong>Valores:<\/strong> Comprometimento com a causa p\u00fablica; Respeito \u00e0s leis, \u00e0 ordem, \u00e0 vida e \u00e0 integridade f\u00edsica; For\u00e7a proporcional; Retid\u00e3o moral e; Lealdade p\u00fablica inabal\u00e1vel.<\/div>\n<p>\n","protected":false},"excerpt":{"rendered":"<p>IDENTIDADE ORGANIZACIONAL Miss\u00e3o: Ser uma institui\u00e7\u00e3o de Seguran\u00e7a P\u00fablica, profissional, s\u00e9ria e respeitada, com atribui\u00e7\u00f5es gerais e espec\u00edficas, cujas a\u00e7\u00f5es, pautadas pela fiel observ\u00e2ncia aos direitos e garantias fundamentais, com prec\u00edpuo respeito \u00e0 dignidade da pessoa humana, se traduzem em presta\u00e7\u00e3o de servi\u00e7o p\u00fablico de alta qualidade, visando \u00e0 consecu\u00e7\u00e3o do interesse p\u00fablico, a paz&nbsp; <a href=\"https:\/\/seguranca.sorocaba.sp.gov.br\/gcm\/identidade\/\">&hellip; Leia mais<\/a><\/p>\n","protected":false},"author":16,"featured_media":0,"parent":0,"menu_order":0,"comment_status":"closed","ping_status":"closed","template":"page-subsite-menu.php","meta":{"footnotes":""},"class_list":["post-30","page","type-page","status-publish","hentry"],"_links":{"self":[{"href":"https:\/\/seguranca.sorocaba.sp.gov.br\/gcm\/wp-json\/wp\/v2\/pages\/30","targetHints":{"allow":["GET"]}}],"collection":[{"href":"https:\/\/seguranca.sorocaba.sp.gov.br\/gcm\/wp-json\/wp\/v2\/pages"}],"about":[{"href":"https:\/\/seguranca.sorocaba.sp.gov.br\/gcm\/wp-json\/wp\/v2\/types\/page"}],"author":[{"embeddable":true,"href":"https:\/\/seguranca.sorocaba.sp.gov.br\/gcm\/wp-json\/wp\/v2\/users\/16"}],"replies":[{"embeddable":true,"href":"https:\/\/seguranca.sorocaba.sp.gov.br\/gcm\/wp-json\/wp\/v2\/comments?post=30"}],"version-history":[{"count":8,"href":"https:\/\/seguranca.sorocaba.sp.gov.br\/gcm\/wp-json\/wp\/v2\/pages\/30\/revisions"}],"predecessor-version":[{"id":123,"href":"https:\/\/seguranca.sorocaba.sp.gov.br\/gcm\/wp-json\/wp\/v2\/pages\/30\/revisions\/123"}],"wp:attachment":[{"href":"https:\/\/seguranca.sorocaba.sp.gov.br\/gcm\/wp-json\/wp\/v2\/media?parent=30"}],"curies":[{"name":"wp","href":"https:\/\/api.w.org\/{rel}","templated":true}]}}