{"id":28,"date":"2018-07-20T13:36:34","date_gmt":"2018-07-20T16:36:34","guid":{"rendered":"http:\/\/seguranca.sorocaba.sp.gov.br\/gcm\/?page_id=28"},"modified":"2024-06-24T14:19:26","modified_gmt":"2024-06-24T17:19:26","slug":"coei","status":"publish","type":"page","link":"https:\/\/seguranca.sorocaba.sp.gov.br\/gcm\/coei\/","title":{"rendered":"COEI"},"content":{"rendered":"<h2>Centro de Opera\u00e7\u00f5es Especiais e Intelig\u00eancia<\/h2>\n<p class=\"western\" align=\"center\"><b>Call Center 153<\/b><\/p>\n<p class=\"western\" align=\"justify\">Central de atendimento da Guarda Civil Municipal atrav\u00e9s do n\u00famero 153, onde o mun\u00edcipe faz as den\u00fancias e solicita\u00e7\u00f5es. Nesses casos \u00e9 feito o filtro das ocorr\u00eancias e enviando viatura para seu atendimento de acordo com as prioridades e compet\u00eancias.<\/p>\n<p class=\"western\" align=\"center\"><b>Monitoramento Urbano<\/b><\/p>\n<p class=\"western\" align=\"justify\">A Guarda Civil Municipal possui c\u00e2meras instaladas nas vias urbanas da cidade, em um sistema integrado atrav\u00e9s da Infovia entre as c\u00e2meras de Tr\u00e2nsito e Seguran\u00e7a. O monitoramento e realizado por 24h x 7 dias semana.<\/p>\n<p class=\"western\" align=\"justify\">Essas imagens ficam armazenadas em servidor por um per\u00edodo de at\u00e9 30 dias, onde a pessoa que precisar basta ir at\u00e9 a Secretaria de Seguran\u00e7a, situada na Rua Castanho Taques n\u00ba 100, e acompanhado de c\u00f3pia de boletim de ocorr\u00eancia preencher requerimento na Recep\u00e7\u00e3o.<\/p>\n<p class=\"western\" align=\"center\"><b>Muralha eletr\u00f4nica<\/b><\/p>\n<p class=\"western\" align=\"justify\">Sistema de Monitoramento com a finalidade de localizar ve\u00edculos produtos de crimes, auxilia as viaturas de patrulha na localiza\u00e7\u00e3o e apreens\u00e3o de ve\u00edculos roubados ou furtados. A F<i>ISCALIZA\u00c7\u00c3O INTEGRADA E EFETIVA COM RESPOSTAS R\u00c1PIDAS \u00c0 POPULA\u00c7\u00c3O.<\/i><\/p>\n<p class=\"western\" align=\"justify\">Para utilizar desse recurso quando tiver algum problema quanto a furto\/roubo, \u00e9 necess\u00e1rio ir at\u00e9 a Secret\u00e1ria de Seguran\u00e7a, situada na Rua Castanho Taques n\u00ba 100, e acompanhado de c\u00f3pia de boletim de ocorr\u00eancia preencher requerimento na Recep\u00e7\u00e3o.<\/p>\n<p class=\"western\" align=\"center\"><b>Protege Mulher<\/b><\/p>\n<p class=\"western\" align=\"justify\">Essa funcionalidade tem como objetivo disponibilizar para mulheres que possuam medida protetiva expedida, um aplicativo que quando acionado, alertar\u00e1 a Guarda Civil Municipal sobre uma viola\u00e7\u00e3o da ordem de medida.<\/p>\n<p class=\"western\" align=\"justify\">O servi\u00e7o oferecido pelo aplicativo \u201cProtege Mulher\u201d\u00a0visa a pronta resposta no descumprimento de medida protetiva.<\/p>\n","protected":false},"excerpt":{"rendered":"<p>Centro de Opera\u00e7\u00f5es Especiais e Intelig\u00eancia Call Center 153 Central de atendimento da Guarda Civil Municipal atrav\u00e9s do n\u00famero 153, onde o mun\u00edcipe faz as den\u00fancias e solicita\u00e7\u00f5es. Nesses casos \u00e9 feito o filtro das ocorr\u00eancias e enviando viatura para seu atendimento de acordo com as prioridades e compet\u00eancias. Monitoramento Urbano A Guarda Civil Municipal&nbsp; <a href=\"https:\/\/seguranca.sorocaba.sp.gov.br\/gcm\/coei\/\">&hellip; Leia mais<\/a><\/p>\n","protected":false},"author":16,"featured_media":0,"parent":0,"menu_order":0,"comment_status":"closed","ping_status":"closed","template":"page-subsite-menu.php","meta":{"footnotes":""},"class_list":["post-28","page","type-page","status-publish","hentry"],"_links":{"self":[{"href":"https:\/\/seguranca.sorocaba.sp.gov.br\/gcm\/wp-json\/wp\/v2\/pages\/28","targetHints":{"allow":["GET"]}}],"collection":[{"href":"https:\/\/seguranca.sorocaba.sp.gov.br\/gcm\/wp-json\/wp\/v2\/pages"}],"about":[{"href":"https:\/\/seguranca.sorocaba.sp.gov.br\/gcm\/wp-json\/wp\/v2\/types\/page"}],"author":[{"embeddable":true,"href":"https:\/\/seguranca.sorocaba.sp.gov.br\/gcm\/wp-json\/wp\/v2\/users\/16"}],"replies":[{"embeddable":true,"href":"https:\/\/seguranca.sorocaba.sp.gov.br\/gcm\/wp-json\/wp\/v2\/comments?post=28"}],"version-history":[{"count":5,"href":"https:\/\/seguranca.sorocaba.sp.gov.br\/gcm\/wp-json\/wp\/v2\/pages\/28\/revisions"}],"predecessor-version":[{"id":207,"href":"https:\/\/seguranca.sorocaba.sp.gov.br\/gcm\/wp-json\/wp\/v2\/pages\/28\/revisions\/207"}],"wp:attachment":[{"href":"https:\/\/seguranca.sorocaba.sp.gov.br\/gcm\/wp-json\/wp\/v2\/media?parent=28"}],"curies":[{"name":"wp","href":"https:\/\/api.w.org\/{rel}","templated":true}]}}