{"id":24,"date":"2018-07-20T13:36:04","date_gmt":"2018-07-20T16:36:04","guid":{"rendered":"http:\/\/seguranca.sorocaba.sp.gov.br\/gcm\/?page_id=24"},"modified":"2026-01-06T17:18:43","modified_gmt":"2026-01-06T19:18:43","slug":"estatistica","status":"publish","type":"page","link":"https:\/\/seguranca.sorocaba.sp.gov.br\/gcm\/estatistica\/","title":{"rendered":"Se\u00e7\u00e3o do Observat\u00f3rio de Seguran\u00e7a"},"content":{"rendered":"<h2><img loading=\"lazy\" decoding=\"async\" class=\"alignnone size-medium wp-image-69\" src=\"http:\/\/seguranca.sorocaba.sp.gov.br\/gcm\/wp-content\/uploads\/sites\/2\/2018\/07\/statisticalpage-1-470x231.jpg\" alt=\"statistical_page\" width=\"470\" height=\"231\" srcset=\"https:\/\/seguranca.sorocaba.sp.gov.br\/gcm\/wp-content\/uploads\/sites\/2\/2018\/07\/statisticalpage-1-470x231.jpg 470w, https:\/\/seguranca.sorocaba.sp.gov.br\/gcm\/wp-content\/uploads\/sites\/2\/2018\/07\/statisticalpage-1.jpg 620w\" sizes=\"auto, (max-width: 470px) 100vw, 470px\" \/><\/h2>\n<h2>LEI N\u00ba\u00a010.039, DE 18 DE ABRIL DE 2012.<\/h2>\n<h5>DISP\u00d5E SOBRE OBRIGATORIEDADE DA PUBLICA\u00c7\u00c3O DE ESTAT\u00cdSTICAS DAS OCORR\u00caNCIAS DA GUARDA CIVIL MUNICIPAL, NA IMPRENSA OFICIAL E NO SITE OFICIAL NA INTERNET, DESTE MUNIC\u00cdPIO E D\u00c1 OUTRAS PROVID\u00caNCIAS.<\/h5>\n<div style=\"width:100%;margin:10px 0 10px 0;\"><h3>Anexos<\/h3>\r\n        <ul class=\"post-attachments\"><li class=\"post-attachment mime-application-pdf\"><a href=\"https:\/\/seguranca.sorocaba.sp.gov.br\/gcm\/wp-content\/uploads\/sites\/2\/2018\/07\/46-estatisticas-guarda-civil-anual-2025.pdf\">46 - Estat\u00edsticas Guarda Civil Anual 2025<\/a> (122.89 KB)<\/li><li class=\"post-attachment mime-application-pdf\"><a href=\"https:\/\/seguranca.sorocaba.sp.gov.br\/gcm\/wp-content\/uploads\/sites\/2\/2018\/07\/45-estatisticas-guarda-civil-4-trimestre-2025.pdf\">45 - Estat\u00edsticas Guarda Civil 4\u00ba Trimestre 2025<\/a> (120.16 KB)<\/li><li class=\"post-attachment mime-application-pdf\"><a href=\"https:\/\/seguranca.sorocaba.sp.gov.br\/gcm\/wp-content\/uploads\/sites\/2\/2018\/07\/44-estatisticas-guarda-civil-3-trimestre-2025.pdf\">44 - Estat\u00edsticas Guarda Civil 3\u00ba Trimestre 2025<\/a> (116.02 KB)<\/li><li class=\"post-attachment mime-application-pdf\"><a href=\"https:\/\/seguranca.sorocaba.sp.gov.br\/gcm\/wp-content\/uploads\/sites\/2\/2018\/07\/43-estatisticas-guarda-civil-2-trimestre-2025.pdf\">43 - Estat\u00edsticas Guarda Civil 2\u00ba Trimestre 2025<\/a> (100.06 KB)<\/li><li class=\"post-attachment mime-application-pdf\"><a href=\"https:\/\/seguranca.sorocaba.sp.gov.br\/gcm\/wp-content\/uploads\/sites\/2\/2018\/07\/42-estatisticas-guarda-civil-1-trimestre-2025.pdf\">42 - Estat\u00edsticas Guarda Civil 1\u00ba Trimestre 2025<\/a> (125.76 KB)<\/li><li class=\"post-attachment mime-application-pdf\"><a href=\"https:\/\/seguranca.sorocaba.sp.gov.br\/gcm\/wp-content\/uploads\/sites\/2\/2018\/07\/41-estatisticas-guarda-civil-anual-2024.pdf\">41 - Estat\u00edsticas Guarda Civil Anual 2024<\/a> (102.5 KB)<\/li><li class=\"post-attachment mime-application-pdf\"><a href=\"https:\/\/seguranca.sorocaba.sp.gov.br\/gcm\/wp-content\/uploads\/sites\/2\/2018\/07\/40-estatisticas-guarda-civil-4-trimestre-2024.pdf\">40 - Estat\u00edsticas Guarda Civil 4\u00ba Trimestre 2024<\/a> (100.16 KB)<\/li><li class=\"post-attachment mime-application-pdf\"><a href=\"https:\/\/seguranca.sorocaba.sp.gov.br\/gcm\/wp-content\/uploads\/sites\/2\/2018\/07\/39-estatisticas-guarda-civil-3-trimestre-2024.pdf\">39 - Estat\u00edsticas Guarda Civil 3\u00ba Trimestre 2024<\/a> (158.71 KB)<\/li><li class=\"post-attachment mime-application-pdf\"><a href=\"https:\/\/seguranca.sorocaba.sp.gov.br\/gcm\/wp-content\/uploads\/sites\/2\/2018\/07\/38-estatisticas-guarda-civil-2-trimestre-2024.pdf\">38 - Estat\u00edsticas Guarda Civil 2\u00ba Trimestre 2024<\/a> (100.21 KB)<\/li><li class=\"post-attachment mime-application-pdf\"><a href=\"https:\/\/seguranca.sorocaba.sp.gov.br\/gcm\/wp-content\/uploads\/sites\/2\/2018\/07\/37-estatisticas-guarda-civil-1-trimestre-2024.pdf\">37 - Estat\u00edsticas Guarda Civil 1\u00ba Trimestre 2024<\/a> (125.06 KB)<\/li><li class=\"post-attachment mime-application-pdf\"><a href=\"https:\/\/seguranca.sorocaba.sp.gov.br\/gcm\/wp-content\/uploads\/sites\/2\/2018\/07\/36-estatisticas-guarda-civil-anual-2023.pdf\">36 - Estat\u00edsticas Guarda Civil Anual 2023<\/a> (179.09 KB)<\/li><li class=\"post-attachment mime-application-pdf\"><a href=\"https:\/\/seguranca.sorocaba.sp.gov.br\/gcm\/wp-content\/uploads\/sites\/2\/2018\/07\/35-estatisticas-guarda-civil-4-trimestre-2023.pdf\">35 - Estat\u00edsticas Guarda Civil 4\u00ba Trimestre 2023<\/a> (179.65 KB)<\/li><li class=\"post-attachment mime-application-pdf\"><a href=\"https:\/\/seguranca.sorocaba.sp.gov.br\/gcm\/wp-content\/uploads\/sites\/2\/2018\/07\/34-estatisticas-guarda-civil-3-trimestre-2023.pdf\">34 - Estat\u00edsticas Guarda Civil 3\u00ba Trimestre 2023<\/a> (176.29 KB)<\/li><li class=\"post-attachment mime-application-pdf\"><a href=\"https:\/\/seguranca.sorocaba.sp.gov.br\/gcm\/wp-content\/uploads\/sites\/2\/2018\/07\/33-estatisticas-guarda-civil-2-trimestre-2023.pdf\">33 - Estat\u00edsticas Guarda Civil 2\u00ba Trimestre 2023<\/a> (176.24 KB)<\/li><li class=\"post-attachment mime-application-pdf\"><a href=\"https:\/\/seguranca.sorocaba.sp.gov.br\/gcm\/wp-content\/uploads\/sites\/2\/2018\/07\/32-estatisticas-guarda-civil-1-trimestre-2023.pdf\">32 - Estat\u00edsticas Guarda Civil 1\u00ba Trimestre 2023<\/a> (177.09 KB)<\/li><li class=\"post-attachment mime-application-pdf\"><a href=\"https:\/\/seguranca.sorocaba.sp.gov.br\/gcm\/wp-content\/uploads\/sites\/2\/2018\/07\/31-estatisticas-guarda-civil-anual-2022.pdf\">31 - Estat\u00edsticas Guarda Civil Anual 2022<\/a> (196.2 KB)<\/li><li class=\"post-attachment mime-application-pdf\"><a href=\"https:\/\/seguranca.sorocaba.sp.gov.br\/gcm\/wp-content\/uploads\/sites\/2\/2018\/07\/30-estatisticas-guarda-civil-4-trimestre-2022.pdf\">30 - Estat\u00edsticas Guarda Civil 4\u00ba Trimestre 2022<\/a> (177.54 KB)<\/li><li class=\"post-attachment mime-application-pdf\"><a href=\"https:\/\/seguranca.sorocaba.sp.gov.br\/gcm\/wp-content\/uploads\/sites\/2\/2022\/10\/29-estatisticas-guarda-civil-3-trimestre-2022.pdf\">29 - Estat\u00edsticas Guarda Civil 3\u00ba Trimestre 2022<\/a> (101.08 KB)<\/li><li class=\"post-attachment mime-application-pdf\"><a href=\"https:\/\/seguranca.sorocaba.sp.gov.br\/gcm\/wp-content\/uploads\/sites\/2\/2022\/07\/28-estatisticas-guarda-civil-2-trimestre-2022.pdf\">28 - Estat\u00edsticas Guarda Civil 2\u00ba Trimestre 2022<\/a> (101.1 KB)<\/li><li class=\"post-attachment mime-application-pdf\"><a href=\"https:\/\/seguranca.sorocaba.sp.gov.br\/gcm\/wp-content\/uploads\/sites\/2\/2022\/04\/27-estatisticas-guarda-civil-1-trimestre-2022.pdf\">27 - Estat\u00edsticas Guarda Civil 1\u00ba Trimestre 2022<\/a> (368.39 KB)<\/li><li class=\"post-attachment mime-application-pdf\"><a href=\"https:\/\/seguranca.sorocaba.sp.gov.br\/gcm\/wp-content\/uploads\/sites\/2\/2018\/07\/26-estatisticas-guarda-civil-anual-2021.pdf\">26 - Estat\u00edsticas Guarda Civil Anual 2021<\/a> (189.03 KB)<\/li><li class=\"post-attachment mime-application-pdf\"><a href=\"https:\/\/seguranca.sorocaba.sp.gov.br\/gcm\/wp-content\/uploads\/sites\/2\/2018\/07\/25-estatisticas-guarda-civil-4-trimestre-2021.pdf\">25 - Estat\u00edsticas Guarda Civil 4\u00ba Trimestre 2021<\/a> (187.34 KB)<\/li><li class=\"post-attachment mime-application-pdf\"><a href=\"https:\/\/seguranca.sorocaba.sp.gov.br\/gcm\/wp-content\/uploads\/sites\/2\/2018\/07\/24-estatisticas-guarda-civil-3-trimestre-2021-1.pdf\">24 - Estat\u00edsticas Guarda Civil 3\u00ba Trimestre 2021<\/a> (186.92 KB)<\/li><li class=\"post-attachment mime-application-pdf\"><a href=\"https:\/\/seguranca.sorocaba.sp.gov.br\/gcm\/wp-content\/uploads\/sites\/2\/2021\/08\/23-estatisticas-guarda-civil-2-trimestre-2021-1.pdf\">23 - Estat\u00edsticas Guarda Civil 2\u00ba Trimestre 2021<\/a> (187.68 KB)<\/li><li class=\"post-attachment mime-application-pdf\"><a href=\"https:\/\/seguranca.sorocaba.sp.gov.br\/gcm\/wp-content\/uploads\/sites\/2\/2021\/05\/22-estatisticas-guarda-civil-1-trimestre-2021-1.pdf\">22 - Estat\u00edsticas Guarda Civil 1\u00ba Trimestre 2021<\/a> (174.24 KB)<\/li><li class=\"post-attachment mime-application-pdf\"><a href=\"https:\/\/seguranca.sorocaba.sp.gov.br\/gcm\/wp-content\/uploads\/sites\/2\/2021\/05\/21-estatisticas-guarda-civil-anual-2020.pdf\">21 - Estat\u00edsticas Guarda Civil Anual 2020<\/a> (178.05 KB)<\/li><li class=\"post-attachment mime-application-pdf\"><a href=\"https:\/\/seguranca.sorocaba.sp.gov.br\/gcm\/wp-content\/uploads\/sites\/2\/2021\/05\/20-estatisticas-guarda-civil-4-trimestre-2020.pdf\">20 - Estat\u00edsticas Guarda Civil 4\u00ba Trimestre 2020<\/a> (175.57 KB)<\/li><li class=\"post-attachment mime-application-pdf\"><a href=\"https:\/\/seguranca.sorocaba.sp.gov.br\/gcm\/wp-content\/uploads\/sites\/2\/2021\/05\/19-estatisticas-guarda-civil-3-trimestre-2020.pdf\">19 - Estat\u00edsticas Guarda Civil 3\u00ba Trimestre 2020<\/a> (241.3 KB)<\/li><li class=\"post-attachment mime-application-pdf\"><a href=\"https:\/\/seguranca.sorocaba.sp.gov.br\/gcm\/wp-content\/uploads\/sites\/2\/2018\/07\/18-estatisticas-guarda-civil-2-trimestre-2020.pdf\">18 - Estat\u00edsticas Guarda Civil 2\u00ba Trimestre 2020<\/a> (177.28 KB)<\/li><li class=\"post-attachment mime-application-pdf\"><a href=\"https:\/\/seguranca.sorocaba.sp.gov.br\/gcm\/wp-content\/uploads\/sites\/2\/2020\/04\/17-estatisticas-guarda-civil-1-trimestre-2020.pdf\">17 - Estat\u00edsticas Guarda Civil 1\u00ba Trimestre 2020<\/a> (315.84 KB)<\/li><li class=\"post-attachment mime-application-pdf\"><a href=\"https:\/\/seguranca.sorocaba.sp.gov.br\/gcm\/wp-content\/uploads\/sites\/2\/2020\/01\/16-estatisticas-guarda-civil-anual-2019.pdf\">16 - Estat\u00edsticas Guarda Civil Anual 2019<\/a> (474.88 KB)<\/li><li class=\"post-attachment mime-application-pdf\"><a href=\"https:\/\/seguranca.sorocaba.sp.gov.br\/gcm\/wp-content\/uploads\/sites\/2\/2020\/01\/15-estatisticas-guarda-civil-4-trimestre-2019.pdf\">15 - Estat\u00edsticas Guarda Civil 4\u00ba Trimestre 2019<\/a> (465.48 KB)<\/li><li class=\"post-attachment mime-application-pdf\"><a href=\"https:\/\/seguranca.sorocaba.sp.gov.br\/gcm\/wp-content\/uploads\/sites\/2\/2019\/10\/14-estatisticas-guarda-civil-3-trimestre-2019.pdf\">14 - Estat\u00edsticas Guarda Civil 3\u00ba Trimestre 2019<\/a> (355.99 KB)<\/li><li class=\"post-attachment mime-application-pdf\"><a href=\"https:\/\/seguranca.sorocaba.sp.gov.br\/gcm\/wp-content\/uploads\/sites\/2\/2018\/07\/13-estatisticas-guarda-civil-2-trimestre-2019.pdf\">13 - Estat\u00edsticas Guarda Civil 2\u00ba Trimestre 2019<\/a> (259.63 KB)<\/li><li class=\"post-attachment mime-application-pdf\"><a href=\"https:\/\/seguranca.sorocaba.sp.gov.br\/gcm\/wp-content\/uploads\/sites\/2\/2018\/07\/12-estatisticas-guarda-civil-1-trimestre-2019.pdf\">12 - Estat\u00edsticas Guarda Civil 1\u00ba Trimestre 2019<\/a> (260.16 KB)<\/li><li class=\"post-attachment mime-application-pdf\"><a href=\"https:\/\/seguranca.sorocaba.sp.gov.br\/gcm\/wp-content\/uploads\/sites\/2\/2018\/07\/11-estatisticas-guarda-civil-anual-2018.pdf\">11 - Estat\u00edsticas Guarda Civil Anual 2018<\/a> (238.62 KB)<\/li><li class=\"post-attachment mime-application-pdf\"><a href=\"https:\/\/seguranca.sorocaba.sp.gov.br\/gcm\/wp-content\/uploads\/sites\/2\/2018\/07\/10-estatisticas-guarda-civil-4-trimestre-2018.pdf\">10 - Estat\u00edsticas Guarda Civil 4\u00ba Trimestre 2018<\/a> (231 KB)<\/li><li class=\"post-attachment mime-application-pdf\"><a href=\"https:\/\/seguranca.sorocaba.sp.gov.br\/gcm\/wp-content\/uploads\/sites\/2\/2018\/07\/09-estatisticas-guarda-civil-3-trimestre-2018.pdf\">09 - Estat\u00edsticas Guarda Civil 3\u00ba Trimestre 2018<\/a> (495.18 KB)<\/li><li class=\"post-attachment mime-application-pdf\"><a href=\"https:\/\/seguranca.sorocaba.sp.gov.br\/gcm\/wp-content\/uploads\/sites\/2\/2018\/07\/08-estatisticas-guarda-civil-1-semestre-2018.pdf\">08 - Estat\u00edsticas Guarda Civil 1\u00ba Semestre 2018<\/a> (104.13 KB)<\/li><li class=\"post-attachment mime-application-pdf\"><a href=\"https:\/\/seguranca.sorocaba.sp.gov.br\/gcm\/wp-content\/uploads\/sites\/2\/2018\/07\/07-estatisticas-guarda-civil-2-trimestre-2018.pdf\">07 - Estat\u00edsticas Guarda Civil 2\u00ba Trimestre 2018<\/a> (102.47 KB)<\/li><li class=\"post-attachment mime-application-pdf\"><a href=\"https:\/\/seguranca.sorocaba.sp.gov.br\/gcm\/wp-content\/uploads\/sites\/2\/2018\/07\/06-estatisticas-guarda-civil-1-trimestre-2018.pdf\">06 - Estat\u00edsticas Guarda Civil 1\u00ba Trimestre 2018<\/a> (105.84 KB)<\/li><li class=\"post-attachment mime-application-pdf\"><a href=\"https:\/\/seguranca.sorocaba.sp.gov.br\/gcm\/wp-content\/uploads\/sites\/2\/2018\/07\/05-estatisticas-guarda-civil-anual-2017.pdf\">05 - Estat\u00edsticas Guarda Civil Anual 2017<\/a> (112.37 KB)<\/li><li class=\"post-attachment mime-application-pdf\"><a href=\"https:\/\/seguranca.sorocaba.sp.gov.br\/gcm\/wp-content\/uploads\/sites\/2\/2018\/07\/04-estatisticas-guarda-civil-4-trimestre-2017.pdf\">04 - Estat\u00edsticas Guarda Civil 4\u00ba Trimestre 2017<\/a> (112.24 KB)<\/li><li class=\"post-attachment mime-application-pdf\"><a href=\"https:\/\/seguranca.sorocaba.sp.gov.br\/gcm\/wp-content\/uploads\/sites\/2\/2018\/07\/03-estatisticas-guarda-civil-3-trimestre-2017.pdf\">03 - Estat\u00edsticas Guarda Civil 3\u00ba Trimestre 2017<\/a> (111.24 KB)<\/li><li class=\"post-attachment mime-application-pdf\"><a href=\"https:\/\/seguranca.sorocaba.sp.gov.br\/gcm\/wp-content\/uploads\/sites\/2\/2018\/07\/02-estatisticas-guarda-civil-1-semestre-2017.pdf\">02 - Estat\u00edsticas Guarda Civil 1\u00ba Semestre 2017<\/a> (111.77 KB)<\/li><li class=\"post-attachment mime-application-pdf\"><a href=\"https:\/\/seguranca.sorocaba.sp.gov.br\/gcm\/wp-content\/uploads\/sites\/2\/2018\/07\/01-estatisticas-guarda-civil-2-trimestre-2017.pdf\">01 - Estat\u00edsticas Guarda Civil 2\u00ba Trimestre 2017<\/a> (111.5 KB)<\/li><\/ul><\/div>","protected":false},"excerpt":{"rendered":"<p>LEI N\u00ba\u00a010.039, DE 18 DE ABRIL DE 2012. DISP\u00d5E SOBRE OBRIGATORIEDADE DA PUBLICA\u00c7\u00c3O DE ESTAT\u00cdSTICAS DAS OCORR\u00caNCIAS DA GUARDA CIVIL MUNICIPAL, NA IMPRENSA OFICIAL E NO SITE OFICIAL NA INTERNET, DESTE MUNIC\u00cdPIO E D\u00c1 OUTRAS PROVID\u00caNCIAS. Anexos 46 &#8211; Estat\u00edsticas Guarda Civil Anual 2025 (122.89 KB)45 &#8211; Estat\u00edsticas Guarda Civil 4\u00ba Trimestre 2025 (120.16 KB)44&nbsp; <a href=\"https:\/\/seguranca.sorocaba.sp.gov.br\/gcm\/estatistica\/\">&hellip; Leia mais<\/a><\/p>\n","protected":false},"author":16,"featured_media":0,"parent":0,"menu_order":0,"comment_status":"closed","ping_status":"closed","template":"page-subsite-menu.php","meta":{"footnotes":""},"class_list":["post-24","page","type-page","status-publish","hentry"],"_links":{"self":[{"href":"https:\/\/seguranca.sorocaba.sp.gov.br\/gcm\/wp-json\/wp\/v2\/pages\/24","targetHints":{"allow":["GET"]}}],"collection":[{"href":"https:\/\/seguranca.sorocaba.sp.gov.br\/gcm\/wp-json\/wp\/v2\/pages"}],"about":[{"href":"https:\/\/seguranca.sorocaba.sp.gov.br\/gcm\/wp-json\/wp\/v2\/types\/page"}],"author":[{"embeddable":true,"href":"https:\/\/seguranca.sorocaba.sp.gov.br\/gcm\/wp-json\/wp\/v2\/users\/16"}],"replies":[{"embeddable":true,"href":"https:\/\/seguranca.sorocaba.sp.gov.br\/gcm\/wp-json\/wp\/v2\/comments?post=24"}],"version-history":[{"count":12,"href":"https:\/\/seguranca.sorocaba.sp.gov.br\/gcm\/wp-json\/wp\/v2\/pages\/24\/revisions"}],"predecessor-version":[{"id":197,"href":"https:\/\/seguranca.sorocaba.sp.gov.br\/gcm\/wp-json\/wp\/v2\/pages\/24\/revisions\/197"}],"wp:attachment":[{"href":"https:\/\/seguranca.sorocaba.sp.gov.br\/gcm\/wp-json\/wp\/v2\/media?parent=24"}],"curies":[{"name":"wp","href":"https:\/\/api.w.org\/{rel}","templated":true}]}}